{"id":661,"date":"2024-07-10T14:25:11","date_gmt":"2024-07-10T18:25:11","guid":{"rendered":"https:\/\/tootooclub.com\/accueil-copy\/"},"modified":"2024-07-16T22:45:14","modified_gmt":"2024-07-17T02:45:14","slug":"contact","status":"publish","type":"page","link":"https:\/\/tootooclub.com\/fr\/contact\/","title":{"rendered":"Contact"},"content":{"rendered":"\t\t<div data-elementor-type=\"wp-page\" data-elementor-id=\"661\" class=\"elementor elementor-661\">\n\t\t\t\t<div class=\"elementor-element elementor-element-5843b4d e-flex e-con-boxed e-con e-parent\" data-id=\"5843b4d\" data-element_type=\"container\" data-settings=\"{&quot;background_background&quot;:&quot;classic&quot;}\">\n\t\t\t\t\t<div class=\"e-con-inner\">\n\t\t\t\t<div class=\"elementor-element elementor-element-f5ed269 animated-fast elementor-invisible elementor-widget elementor-widget-image\" data-id=\"f5ed269\" data-element_type=\"widget\" data-settings=\"{&quot;_animation&quot;:&quot;bounceInDown&quot;}\" data-widget_type=\"image.default\">\n\t\t\t\t<div class=\"elementor-widget-container\">\n\t\t\t<style>\/*! elementor - v3.23.0 - 15-07-2024 *\/\n.elementor-widget-image{text-align:center}.elementor-widget-image a{display:inline-block}.elementor-widget-image a img[src$=\".svg\"]{width:48px}.elementor-widget-image img{vertical-align:middle;display:inline-block}<\/style>\t\t\t\t\t\t\t\t\t\t\t<a href=\"https:\/\/tootooclub.com\/\">\n\t\t\t\t\t\t\t<img fetchpriority=\"high\" decoding=\"async\" width=\"1920\" height=\"1920\" src=\"https:\/\/tootooclub.com\/wp-content\/uploads\/2023\/12\/logo-tootoo-club-web.png\" class=\"elementor-animation-buzz attachment-full size-full wp-image-13\" alt=\"\" srcset=\"https:\/\/tootooclub.com\/wp-content\/uploads\/2023\/12\/logo-tootoo-club-web.png 1920w, https:\/\/tootooclub.com\/wp-content\/uploads\/2023\/12\/logo-tootoo-club-web-300x300.png 300w, https:\/\/tootooclub.com\/wp-content\/uploads\/2023\/12\/logo-tootoo-club-web-1024x1024.png 1024w, https:\/\/tootooclub.com\/wp-content\/uploads\/2023\/12\/logo-tootoo-club-web-150x150.png 150w, https:\/\/tootooclub.com\/wp-content\/uploads\/2023\/12\/logo-tootoo-club-web-768x768.png 768w, https:\/\/tootooclub.com\/wp-content\/uploads\/2023\/12\/logo-tootoo-club-web-1536x1536.png 1536w\" sizes=\"(max-width: 1920px) 100vw, 1920px\" \/>\t\t\t\t\t\t\t\t<\/a>\n\t\t\t\t\t\t\t\t\t\t\t\t\t<\/div>\n\t\t\t\t<\/div>\n\t\t\t\t<div class=\"elementor-element elementor-element-5556036 elementor-widget elementor-widget-heading\" data-id=\"5556036\" data-element_type=\"widget\" data-widget_type=\"heading.default\">\n\t\t\t\t<div class=\"elementor-widget-container\">\n\t\t\t<style>\/*! elementor - v3.23.0 - 15-07-2024 *\/\n.elementor-heading-title{padding:0;margin:0;line-height:1}.elementor-widget-heading .elementor-heading-title[class*=elementor-size-]>a{color:inherit;font-size:inherit;line-height:inherit}.elementor-widget-heading .elementor-heading-title.elementor-size-small{font-size:15px}.elementor-widget-heading .elementor-heading-title.elementor-size-medium{font-size:19px}.elementor-widget-heading .elementor-heading-title.elementor-size-large{font-size:29px}.elementor-widget-heading .elementor-heading-title.elementor-size-xl{font-size:39px}.elementor-widget-heading .elementor-heading-title.elementor-size-xxl{font-size:59px}<\/style><h1 class=\"elementor-heading-title elementor-size-default\">Contactez-nous<\/h1>\t\t<\/div>\n\t\t\t\t<\/div>\n\t\t\t\t<div class=\"elementor-element elementor-element-b1521f7 elementor-widget elementor-widget-text-editor\" data-id=\"b1521f7\" data-element_type=\"widget\" data-widget_type=\"text-editor.default\">\n\t\t\t\t<div class=\"elementor-widget-container\">\n\t\t\t<style>\/*! elementor - v3.23.0 - 15-07-2024 *\/\n.elementor-widget-text-editor.elementor-drop-cap-view-stacked .elementor-drop-cap{background-color:#69727d;color:#fff}.elementor-widget-text-editor.elementor-drop-cap-view-framed .elementor-drop-cap{color:#69727d;border:3px solid;background-color:transparent}.elementor-widget-text-editor:not(.elementor-drop-cap-view-default) .elementor-drop-cap{margin-top:8px}.elementor-widget-text-editor:not(.elementor-drop-cap-view-default) .elementor-drop-cap-letter{width:1em;height:1em}.elementor-widget-text-editor .elementor-drop-cap{float:left;text-align:center;line-height:1;font-size:50px}.elementor-widget-text-editor .elementor-drop-cap-letter{display:inline-block}<\/style>\t\t\t\t<p>Questions, suggestions ou demande sp\u00e9ciale? \u00c9crivez-nous tout \u00e7a ici!<\/p>\t\t\t\t\t\t<\/div>\n\t\t\t\t<\/div>\n\t\t\t\t<div class=\"elementor-element elementor-element-f68a46f elementor-widget elementor-widget-ws-form\" data-id=\"f68a46f\" data-element_type=\"widget\" data-widget_type=\"ws-form.default\">\n\t\t\t\t<div class=\"elementor-widget-container\">\n\t\t\t<form action=\"https:\/\/tootooclub.com\/fr\/wp-json\/ws-form\/v1\/submit\" class=\"wsf-form wsf-form-canvas\" id=\"ws-form-1\" data-id=\"1\" data-instance-id=\"1\" method=\"POST\"><\/form>\t\t<\/div>\n\t\t\t\t<\/div>\n\t\t\t\t<div class=\"elementor-element elementor-element-299c1ac elementor-widget elementor-widget-spacer\" data-id=\"299c1ac\" data-element_type=\"widget\" data-widget_type=\"spacer.default\">\n\t\t\t\t<div class=\"elementor-widget-container\">\n\t\t\t<style>\/*! elementor - v3.23.0 - 15-07-2024 *\/\n.elementor-column .elementor-spacer-inner{height:var(--spacer-size)}.e-con{--container-widget-width:100%}.e-con-inner>.elementor-widget-spacer,.e-con>.elementor-widget-spacer{width:var(--container-widget-width,var(--spacer-size));--align-self:var(--container-widget-align-self,initial);--flex-shrink:0}.e-con-inner>.elementor-widget-spacer>.elementor-widget-container,.e-con>.elementor-widget-spacer>.elementor-widget-container{height:100%;width:100%}.e-con-inner>.elementor-widget-spacer>.elementor-widget-container>.elementor-spacer,.e-con>.elementor-widget-spacer>.elementor-widget-container>.elementor-spacer{height:100%}.e-con-inner>.elementor-widget-spacer>.elementor-widget-container>.elementor-spacer>.elementor-spacer-inner,.e-con>.elementor-widget-spacer>.elementor-widget-container>.elementor-spacer>.elementor-spacer-inner{height:var(--container-widget-height,var(--spacer-size))}.e-con-inner>.elementor-widget-spacer.elementor-widget-empty,.e-con>.elementor-widget-spacer.elementor-widget-empty{position:relative;min-height:22px;min-width:22px}.e-con-inner>.elementor-widget-spacer.elementor-widget-empty .elementor-widget-empty-icon,.e-con>.elementor-widget-spacer.elementor-widget-empty .elementor-widget-empty-icon{position:absolute;top:0;bottom:0;left:0;right:0;margin:auto;padding:0;width:22px;height:22px}<\/style>\t\t<div class=\"elementor-spacer\">\n\t\t\t<div class=\"elementor-spacer-inner\"><\/div>\n\t\t<\/div>\n\t\t\t\t<\/div>\n\t\t\t\t<\/div>\n\t\t\t\t\t<\/div>\n\t\t\t\t<\/div>\n\t\t<div class=\"elementor-element elementor-element-161c42ba e-con-full elementor-hidden-desktop elementor-hidden-tablet elementor-hidden-mobile e-flex e-con e-child\" data-id=\"161c42ba\" data-element_type=\"container\">\n\t\t\t\t<div class=\"elementor-element elementor-element-24ce6d43 elementor-widget elementor-widget-button\" data-id=\"24ce6d43\" data-element_type=\"widget\" data-widget_type=\"button.default\">\n\t\t\t\t<div class=\"elementor-widget-container\">\n\t\t\t\t\t<div class=\"elementor-button-wrapper\">\n\t\t\t<a class=\"elementor-button elementor-button-link elementor-size-sm elementor-animation-grow\" href=\"#\">\n\t\t\t\t\t\t<span class=\"elementor-button-content-wrapper\">\n\t\t\t\t\t\t<span class=\"elementor-button-icon\">\n\t\t\t\t<svg aria-hidden=\"true\" class=\"e-font-icon-svg e-fas-store\" viewBox=\"0 0 616 512\" xmlns=\"http:\/\/www.w3.org\/2000\/svg\"><path d=\"M602 118.6L537.1 15C531.3 5.7 521 0 510 0H106C95 0 84.7 5.7 78.9 15L14 118.6c-33.5 53.5-3.8 127.9 58.8 136.4 4.5.6 9.1.9 13.7.9 29.6 0 55.8-13 73.8-33.1 18 20.1 44.3 33.1 73.8 33.1 29.6 0 55.8-13 73.8-33.1 18 20.1 44.3 33.1 73.8 33.1 29.6 0 55.8-13 73.8-33.1 18.1 20.1 44.3 33.1 73.8 33.1 4.7 0 9.2-.3 13.7-.9 62.8-8.4 92.6-82.8 59-136.4zM529.5 288c-10 0-19.9-1.5-29.5-3.8V384H116v-99.8c-9.6 2.2-19.5 3.8-29.5 3.8-6 0-12.1-.4-18-1.2-5.6-.8-11.1-2.1-16.4-3.6V480c0 17.7 14.3 32 32 32h448c17.7 0 32-14.3 32-32V283.2c-5.4 1.6-10.8 2.9-16.4 3.6-6.1.8-12.1 1.2-18.2 1.2z\"><\/path><\/svg>\t\t\t<\/span>\n\t\t\t\t\t\t\t\t\t<span class=\"elementor-button-text\">Vous avez un commerce?<\/span>\n\t\t\t\t\t<\/span>\n\t\t\t\t\t<\/a>\n\t\t<\/div>\n\t\t\t\t<\/div>\n\t\t\t\t<\/div>\n\t\t\t\t<div class=\"elementor-element elementor-element-b04ed78 elementor-widget elementor-widget-button\" data-id=\"b04ed78\" data-element_type=\"widget\" data-widget_type=\"button.default\">\n\t\t\t\t<div class=\"elementor-widget-container\">\n\t\t\t\t\t<div class=\"elementor-button-wrapper\">\n\t\t\t<a class=\"elementor-button elementor-button-link elementor-size-sm elementor-animation-grow\" href=\"#\">\n\t\t\t\t\t\t<span class=\"elementor-button-content-wrapper\">\n\t\t\t\t\t\t<span class=\"elementor-button-icon\">\n\t\t\t\t<svg aria-hidden=\"true\" class=\"e-font-icon-svg e-fas-truck\" viewBox=\"0 0 640 512\" xmlns=\"http:\/\/www.w3.org\/2000\/svg\"><path d=\"M624 352h-16V243.9c0-12.7-5.1-24.9-14.1-33.9L494 110.1c-9-9-21.2-14.1-33.9-14.1H416V48c0-26.5-21.5-48-48-48H48C21.5 0 0 21.5 0 48v320c0 26.5 21.5 48 48 48h16c0 53 43 96 96 96s96-43 96-96h128c0 53 43 96 96 96s96-43 96-96h48c8.8 0 16-7.2 16-16v-32c0-8.8-7.2-16-16-16zM160 464c-26.5 0-48-21.5-48-48s21.5-48 48-48 48 21.5 48 48-21.5 48-48 48zm320 0c-26.5 0-48-21.5-48-48s21.5-48 48-48 48 21.5 48 48-21.5 48-48 48zm80-208H416V144h44.1l99.9 99.9V256z\"><\/path><\/svg>\t\t\t<\/span>\n\t\t\t\t\t\t\t\t\t<span class=\"elementor-button-text\">Vous \u00eates distributeur?<\/span>\n\t\t\t\t\t<\/span>\n\t\t\t\t\t<\/a>\n\t\t<\/div>\n\t\t\t\t<\/div>\n\t\t\t\t<\/div>\n\t\t\t\t<\/div>\n\t\t\t\t<\/div>\n\t\t","protected":false},"excerpt":{"rendered":"<p>Contactez-nous Questions, suggestions ou demande sp\u00e9ciale? \u00c9crivez-nous tout \u00e7a ici! Vous avez un commerce? Vous \u00eates distributeur?<\/p>\n","protected":false},"author":1,"featured_media":0,"parent":0,"menu_order":0,"comment_status":"closed","ping_status":"closed","template":"","meta":{"footnotes":""},"yoast_head":"<!-- This site is optimized with the Yoast SEO plugin v23.0 - https:\/\/yoast.com\/wordpress\/plugins\/seo\/ -->\n<title>Contact - TOOTOO CLUB<\/title>\n<meta name=\"robots\" content=\"index, follow, max-snippet:-1, max-image-preview:large, max-video-preview:-1\" \/>\n<link rel=\"canonical\" href=\"https:\/\/tootooclub.com\/fr\/contact\/\" \/>\n<meta property=\"og:locale\" content=\"fr_FR\" \/>\n<meta property=\"og:type\" content=\"article\" \/>\n<meta property=\"og:title\" content=\"Contact - TOOTOO CLUB\" \/>\n<meta property=\"og:description\" content=\"Contactez-nous Questions, suggestions ou demande sp\u00e9ciale? \u00c9crivez-nous tout \u00e7a ici! Vous avez un commerce? Vous \u00eates distributeur?\" \/>\n<meta property=\"og:url\" content=\"https:\/\/tootooclub.com\/fr\/contact\/\" \/>\n<meta property=\"og:site_name\" content=\"TOOTOO CLUB\" \/>\n<meta property=\"article:publisher\" content=\"https:\/\/www.facebook.com\/tootooclub\" \/>\n<meta property=\"article:modified_time\" content=\"2024-07-17T02:45:14+00:00\" \/>\n<meta property=\"og:image\" content=\"https:\/\/tootooclub.com\/wp-content\/uploads\/2023\/12\/logo-tootoo-club-web.png\" \/>\n<meta name=\"twitter:card\" content=\"summary_large_image\" \/>\n<script type=\"application\/ld+json\" class=\"yoast-schema-graph\">{\"@context\":\"https:\/\/schema.org\",\"@graph\":[{\"@type\":\"WebPage\",\"@id\":\"https:\/\/tootooclub.com\/contact\/\",\"url\":\"https:\/\/tootooclub.com\/contact\/\",\"name\":\"Contact - TOOTOO CLUB\",\"isPartOf\":{\"@id\":\"https:\/\/tootooclub.com\/fr\/#website\"},\"primaryImageOfPage\":{\"@id\":\"https:\/\/tootooclub.com\/contact\/#primaryimage\"},\"image\":{\"@id\":\"https:\/\/tootooclub.com\/contact\/#primaryimage\"},\"thumbnailUrl\":\"https:\/\/tootooclub.com\/wp-content\/uploads\/2023\/12\/logo-tootoo-club-web.png\",\"datePublished\":\"2024-07-10T18:25:11+00:00\",\"dateModified\":\"2024-07-17T02:45:14+00:00\",\"breadcrumb\":{\"@id\":\"https:\/\/tootooclub.com\/contact\/#breadcrumb\"},\"inLanguage\":\"fr-FR\",\"potentialAction\":[{\"@type\":\"ReadAction\",\"target\":[\"https:\/\/tootooclub.com\/contact\/\"]}]},{\"@type\":\"ImageObject\",\"inLanguage\":\"fr-FR\",\"@id\":\"https:\/\/tootooclub.com\/contact\/#primaryimage\",\"url\":\"https:\/\/tootooclub.com\/wp-content\/uploads\/2023\/12\/logo-tootoo-club-web.png\",\"contentUrl\":\"https:\/\/tootooclub.com\/wp-content\/uploads\/2023\/12\/logo-tootoo-club-web.png\"},{\"@type\":\"BreadcrumbList\",\"@id\":\"https:\/\/tootooclub.com\/contact\/#breadcrumb\",\"itemListElement\":[{\"@type\":\"ListItem\",\"position\":1,\"name\":\"Accueil\",\"item\":\"https:\/\/tootooclub.com\/fr\/\"},{\"@type\":\"ListItem\",\"position\":2,\"name\":\"Contact\"}]},{\"@type\":\"WebSite\",\"@id\":\"https:\/\/tootooclub.com\/fr\/#website\",\"url\":\"https:\/\/tootooclub.com\/fr\/\",\"name\":\"TOOTOO CLUB\",\"description\":\"\",\"publisher\":{\"@id\":\"https:\/\/tootooclub.com\/fr\/#organization\"},\"potentialAction\":[{\"@type\":\"SearchAction\",\"target\":{\"@type\":\"EntryPoint\",\"urlTemplate\":\"https:\/\/tootooclub.com\/fr\/?s={search_term_string}\"},\"query-input\":\"required name=search_term_string\"}],\"inLanguage\":\"fr-FR\"},{\"@type\":\"Organization\",\"@id\":\"https:\/\/tootooclub.com\/fr\/#organization\",\"name\":\"TOOTOO CLUB\",\"url\":\"https:\/\/tootooclub.com\/fr\/\",\"logo\":{\"@type\":\"ImageObject\",\"inLanguage\":\"fr-FR\",\"@id\":\"https:\/\/tootooclub.com\/fr\/#\/schema\/logo\/image\/\",\"url\":\"https:\/\/tootooclub.com\/wp-content\/uploads\/2023\/12\/logo-tootoo-club-web.png\",\"contentUrl\":\"https:\/\/tootooclub.com\/wp-content\/uploads\/2023\/12\/logo-tootoo-club-web.png\",\"width\":1920,\"height\":1920,\"caption\":\"TOOTOO CLUB\"},\"image\":{\"@id\":\"https:\/\/tootooclub.com\/fr\/#\/schema\/logo\/image\/\"},\"sameAs\":[\"https:\/\/www.facebook.com\/tootooclub\",\"https:\/\/www.instagram.com\/tootoo.club\"]}]}<\/script>\n<!-- \/ Yoast SEO plugin. -->","yoast_head_json":{"title":"Contact - TOOTOO CLUB","robots":{"index":"index","follow":"follow","max-snippet":"max-snippet:-1","max-image-preview":"max-image-preview:large","max-video-preview":"max-video-preview:-1"},"canonical":"https:\/\/tootooclub.com\/fr\/contact\/","og_locale":"fr_FR","og_type":"article","og_title":"Contact - TOOTOO CLUB","og_description":"Contactez-nous Questions, suggestions ou demande sp\u00e9ciale? \u00c9crivez-nous tout \u00e7a ici! Vous avez un commerce? Vous \u00eates distributeur?","og_url":"https:\/\/tootooclub.com\/fr\/contact\/","og_site_name":"TOOTOO CLUB","article_publisher":"https:\/\/www.facebook.com\/tootooclub","article_modified_time":"2024-07-17T02:45:14+00:00","og_image":[{"url":"https:\/\/tootooclub.com\/wp-content\/uploads\/2023\/12\/logo-tootoo-club-web.png"}],"twitter_card":"summary_large_image","schema":{"@context":"https:\/\/schema.org","@graph":[{"@type":"WebPage","@id":"https:\/\/tootooclub.com\/contact\/","url":"https:\/\/tootooclub.com\/contact\/","name":"Contact - TOOTOO CLUB","isPartOf":{"@id":"https:\/\/tootooclub.com\/fr\/#website"},"primaryImageOfPage":{"@id":"https:\/\/tootooclub.com\/contact\/#primaryimage"},"image":{"@id":"https:\/\/tootooclub.com\/contact\/#primaryimage"},"thumbnailUrl":"https:\/\/tootooclub.com\/wp-content\/uploads\/2023\/12\/logo-tootoo-club-web.png","datePublished":"2024-07-10T18:25:11+00:00","dateModified":"2024-07-17T02:45:14+00:00","breadcrumb":{"@id":"https:\/\/tootooclub.com\/contact\/#breadcrumb"},"inLanguage":"fr-FR","potentialAction":[{"@type":"ReadAction","target":["https:\/\/tootooclub.com\/contact\/"]}]},{"@type":"ImageObject","inLanguage":"fr-FR","@id":"https:\/\/tootooclub.com\/contact\/#primaryimage","url":"https:\/\/tootooclub.com\/wp-content\/uploads\/2023\/12\/logo-tootoo-club-web.png","contentUrl":"https:\/\/tootooclub.com\/wp-content\/uploads\/2023\/12\/logo-tootoo-club-web.png"},{"@type":"BreadcrumbList","@id":"https:\/\/tootooclub.com\/contact\/#breadcrumb","itemListElement":[{"@type":"ListItem","position":1,"name":"Accueil","item":"https:\/\/tootooclub.com\/fr\/"},{"@type":"ListItem","position":2,"name":"Contact"}]},{"@type":"WebSite","@id":"https:\/\/tootooclub.com\/fr\/#website","url":"https:\/\/tootooclub.com\/fr\/","name":"TOOTOO CLUB","description":"","publisher":{"@id":"https:\/\/tootooclub.com\/fr\/#organization"},"potentialAction":[{"@type":"SearchAction","target":{"@type":"EntryPoint","urlTemplate":"https:\/\/tootooclub.com\/fr\/?s={search_term_string}"},"query-input":"required name=search_term_string"}],"inLanguage":"fr-FR"},{"@type":"Organization","@id":"https:\/\/tootooclub.com\/fr\/#organization","name":"TOOTOO CLUB","url":"https:\/\/tootooclub.com\/fr\/","logo":{"@type":"ImageObject","inLanguage":"fr-FR","@id":"https:\/\/tootooclub.com\/fr\/#\/schema\/logo\/image\/","url":"https:\/\/tootooclub.com\/wp-content\/uploads\/2023\/12\/logo-tootoo-club-web.png","contentUrl":"https:\/\/tootooclub.com\/wp-content\/uploads\/2023\/12\/logo-tootoo-club-web.png","width":1920,"height":1920,"caption":"TOOTOO CLUB"},"image":{"@id":"https:\/\/tootooclub.com\/fr\/#\/schema\/logo\/image\/"},"sameAs":["https:\/\/www.facebook.com\/tootooclub","https:\/\/www.instagram.com\/tootoo.club"]}]}},"_links":{"self":[{"href":"https:\/\/tootooclub.com\/fr\/wp-json\/wp\/v2\/pages\/661"}],"collection":[{"href":"https:\/\/tootooclub.com\/fr\/wp-json\/wp\/v2\/pages"}],"about":[{"href":"https:\/\/tootooclub.com\/fr\/wp-json\/wp\/v2\/types\/page"}],"author":[{"embeddable":true,"href":"https:\/\/tootooclub.com\/fr\/wp-json\/wp\/v2\/users\/1"}],"replies":[{"embeddable":true,"href":"https:\/\/tootooclub.com\/fr\/wp-json\/wp\/v2\/comments?post=661"}],"version-history":[{"count":46,"href":"https:\/\/tootooclub.com\/fr\/wp-json\/wp\/v2\/pages\/661\/revisions"}],"predecessor-version":[{"id":870,"href":"https:\/\/tootooclub.com\/fr\/wp-json\/wp\/v2\/pages\/661\/revisions\/870"}],"wp:attachment":[{"href":"https:\/\/tootooclub.com\/fr\/wp-json\/wp\/v2\/media?parent=661"}],"curies":[{"name":"wp","href":"https:\/\/api.w.org\/{rel}","templated":true}]}}